{"id":35,"date":"2022-03-20T20:34:57","date_gmt":"2022-03-20T20:34:57","guid":{"rendered":"https:\/\/bw-malowanie.pl\/?page_id=35"},"modified":"2025-05-02T21:43:20","modified_gmt":"2025-05-02T21:43:20","slug":"cennik","status":"publish","type":"page","link":"https:\/\/bw-malowanie.pl\/?page_id=35","title":{"rendered":"Cennik 2025"},"content":{"rendered":"<p style=\"padding-left: 120px; text-align: center;\"><span style=\"color: #000000;\">Cennik zawiera tylko przyk\u0142adowe pozycje. Podane ceny dotycz\u0105 malowania prostych pomieszcze\u0144 (z wysoko\u015bci\u0105 \u015bcian do 3m)<\/span><br \/>\n<span style=\"color: #000000;\">\n<table id=\"tablepress-1\" class=\"tablepress tablepress-id-1\">\n<thead>\n<tr class=\"row-1\">\n\t<th class=\"column-1\">NAZWA US\u0141UGI<\/th><th class=\"column-2\">CENA (netto)<\/th>\n<\/tr>\n<\/thead>\n<tbody>\n<tr class=\"row-2\">\n\t<td class=\"column-1\">Gruntowanie unigruntem<\/td><td class=\"column-2\">4-5 z\u0142\/m2<\/td>\n<\/tr>\n<tr class=\"row-3\">\n\t<td class=\"column-1\">Malowanie emulsj\u0105 gruntuj\u0105c\u0105<\/td><td class=\"column-2\">7 z\u0142\/m2<\/td>\n<\/tr>\n<tr class=\"row-4\">\n\t<td class=\"column-1\">Naprawa ubytk\u00f3w i p\u0119kni\u0119\u0107<\/td><td class=\"column-2\">do uzgodnienia<\/td>\n<\/tr>\n<tr class=\"row-5\">\n\t<td class=\"column-1\">Zerwanie tapet<\/td><td class=\"column-2\">15 z\u0142<\/td>\n<\/tr>\n<tr class=\"row-6\">\n\t<td class=\"column-1\">Dwukrotne malowanie \u015bcian i sufit\u00f3w farb\u0105 emulsyjn\u0105 (1 kolor)<\/td><td class=\"column-2\">15-16 zl\/m2 <\/td>\n<\/tr>\n<tr class=\"row-7\">\n\t<td class=\"column-1\">Dwukrotne malowanie \u015bcian i sufit\u00f3w farb\u0105 emulsyjn\u0105 (2 kolory)<\/td><td class=\"column-2\">16-18 z\u0142\/m2<\/td>\n<\/tr>\n<tr class=\"row-8\">\n\t<td class=\"column-1\">Dwukrotne malowanie \u015bcian i sufit\u00f3w farb\u0105 emulsyjn\u0105 (3 kolory)<\/td><td class=\"column-2\">od 18 z\u0142\/m2<\/td>\n<\/tr>\n<tr class=\"row-9\">\n\t<td class=\"column-1\">Malowanie farb\u0105 olejn\u0105 <\/td><td class=\"column-2\">25- 30 z\u0142\/m2<\/td>\n<\/tr>\n<tr class=\"row-10\">\n\t<td class=\"column-1\">Malowanie rur<\/td><td class=\"column-2\">10-12 z\u0142\/mb<\/td>\n<\/tr>\n<tr class=\"row-11\">\n\t<td class=\"column-1\">Malowanie grzejnik\u00f3w<\/td><td class=\"column-2\">15 z\u0142\/\u017ceberko<\/td>\n<\/tr>\n<tr class=\"row-12\">\n\t<td class=\"column-1\">Tapetowanie<\/td><td class=\"column-2\">40-60 z\u0142\/m2<\/td>\n<\/tr>\n<tr class=\"row-13\">\n\t<td class=\"column-1\">Malowanie drzwi<\/td><td class=\"column-2\">od 150 z\u0142\/szt<\/td>\n<\/tr>\n<tr class=\"row-14\">\n\t<td class=\"column-1\">Malowanie futryn<\/td><td class=\"column-2\">od 80 z\u0142\/szt<\/td>\n<\/tr>\n<tr class=\"row-15\">\n\t<td class=\"column-1\">Monta\u017c listew przypod\u0142ogowych<\/td><td class=\"column-2\">20-35 z\u0142\/mb<\/td>\n<\/tr>\n<tr class=\"row-16\">\n\t<td class=\"column-1\">Monta\u017c paneli<\/td><td class=\"column-2\">35-45 z\u0142\/m2<\/td>\n<\/tr>\n<tr class=\"row-17\">\n\t<td class=\"column-1\">Monta\u017c \u017cyrandola<\/td><td class=\"column-2\">od 80 z\u0142\/szt<\/td>\n<\/tr>\n<tr class=\"row-18\">\n\t<td class=\"column-1\">Monta\u017c karsznisza<\/td><td class=\"column-2\">od 70 z\u0142\/szt<\/td>\n<\/tr>\n<tr class=\"row-19\">\n\t<td class=\"column-1\">Wymiana gniazdka elektrycznego \/ w\u0142\u0105cznika<\/td><td class=\"column-2\">20-30 z\u0142\/szt<\/td>\n<\/tr>\n<\/tbody>\n<\/table>\n<!-- #tablepress-1 from cache --><\/span><\/p>\n","protected":false},"excerpt":{"rendered":"<p>Cennik zawiera tylko przyk\u0142adowe pozycje. Podane ceny dotycz\u0105 malowania prostych pomieszcze\u0144 (z wysoko\u015bci\u0105 \u015bcian do 3m)<\/p>\n","protected":false},"author":1,"featured_media":0,"parent":0,"menu_order":0,"comment_status":"closed","ping_status":"closed","template":"","meta":{"_monsterinsights_skip_tracking":false,"_monsterinsights_sitenote_active":false,"_monsterinsights_sitenote_note":"","_monsterinsights_sitenote_category":0,"footnotes":""},"class_list":["post-35","page","type-page","status-publish"],"aioseo_notices":[],"_links":{"self":[{"href":"https:\/\/bw-malowanie.pl\/index.php?rest_route=\/wp\/v2\/pages\/35","targetHints":{"allow":["GET"]}}],"collection":[{"href":"https:\/\/bw-malowanie.pl\/index.php?rest_route=\/wp\/v2\/pages"}],"about":[{"href":"https:\/\/bw-malowanie.pl\/index.php?rest_route=\/wp\/v2\/types\/page"}],"author":[{"embeddable":true,"href":"https:\/\/bw-malowanie.pl\/index.php?rest_route=\/wp\/v2\/users\/1"}],"replies":[{"embeddable":true,"href":"https:\/\/bw-malowanie.pl\/index.php?rest_route=%2Fwp%2Fv2%2Fcomments&post=35"}],"version-history":[{"count":20,"href":"https:\/\/bw-malowanie.pl\/index.php?rest_route=\/wp\/v2\/pages\/35\/revisions"}],"predecessor-version":[{"id":211,"href":"https:\/\/bw-malowanie.pl\/index.php?rest_route=\/wp\/v2\/pages\/35\/revisions\/211"}],"wp:attachment":[{"href":"https:\/\/bw-malowanie.pl\/index.php?rest_route=%2Fwp%2Fv2%2Fmedia&parent=35"}],"curies":[{"name":"wp","href":"https:\/\/api.w.org\/{rel}","templated":true}]}}