{"id":2,"date":"2022-03-20T08:07:03","date_gmt":"2022-03-20T08:07:03","guid":{"rendered":"https:\/\/remonty-malowanie.waw.pl\/?page_id=2"},"modified":"2023-03-13T23:43:09","modified_gmt":"2023-03-13T23:43:09","slug":"sample-page","status":"publish","type":"page","link":"https:\/\/bw-malowanie.pl\/","title":{"rendered":"Black and White"},"content":{"rendered":"\r\n<p><span style=\"color: #000000;\"><strong>&#8211; to profesjonalna firma malarska, dzia\u0142aj\u0105ca od 10 lat na rynku. \u015awiadczymy us\u0142ugi na terenie Warszawy i okolic.<\/strong><\/span><\/p>\r\n<p><span style=\"color: #000000;\">Malowanie jest nasz\u0105 pasj\u0105! Nasze do\u015bwiadczenie to ponad 4 tys. zadowolonych klient\u00f3w, tysi\u0105ce pomalowanych mieszka\u0144 i biur.<\/span><\/p>\r\n<p><br \/><span style=\"color: #000000;\">Pracujemy szybko i \u015bwiadczymy us\u0142ugi na najwy\u017cszym poziomie. Nasza ekipa &#8211; to pracownicy, kt\u00f3rym ufamy, kt\u00f3rzy s\u0105 wykwalifikowanymi fachowcami i wiedz\u0105 co robi\u0105.<\/span><\/p>\r\n<p><img loading=\"lazy\" decoding=\"async\" class=\"size-medium wp-image-135 alignleft\" src=\"https:\/\/bw-malowanie.pl\/wp-content\/uploads\/2023\/02\/737A2169-edited-200x300.jpg\" alt=\"\" width=\"200\" height=\"300\" srcset=\"https:\/\/bw-malowanie.pl\/wp-content\/uploads\/2023\/02\/737A2169-edited-200x300.jpg 200w, https:\/\/bw-malowanie.pl\/wp-content\/uploads\/2023\/02\/737A2169-edited-682x1024.jpg 682w, https:\/\/bw-malowanie.pl\/wp-content\/uploads\/2023\/02\/737A2169-edited-768x1152.jpg 768w, https:\/\/bw-malowanie.pl\/wp-content\/uploads\/2023\/02\/737A2169-edited-1024x1536.jpg 1024w, https:\/\/bw-malowanie.pl\/wp-content\/uploads\/2023\/02\/737A2169-edited.jpg 1043w\" sizes=\"auto, (max-width: 200px) 100vw, 200px\" \/><br \/><br \/><span style=\"color: #800000;\"><span style=\"color: #000000;\">Ka\u017cde zlecenie wykonujemy starannie, dbamy o szczeg\u00f3\u0142y, dotszymujemy ustalonych termin\u00f3w i dajemy gwarancj\u0119 na wykonane prace.<\/span><\/span><\/p>\r\n<p>&nbsp;<\/p>\r\n<p><span style=\"color: #000000;\"><strong>Przed wykonaniem malowania precyzyjnie przygotowujemy powierzchnie \u2014\u00a0naprawiamy drobne p\u0119kni\u0119cia, rysy i dziury oraz gruntujemy. Dok\u0142adnie zabezpieczamy pod\u0142ogi, okna, drzwi i meble.<\/strong><\/span><\/p>\r\n<p><span style=\"color: #000000;\"><strong><\/strong><\/span><\/p>\r\n<p>&nbsp;<\/p>\r\n<h3 style=\"text-align: center;\">Najwa\u017cniejsze atuty firmy<\/h3>\r\n<div class=\"entry-header\">\r\n<p class=\"entry-title\"><span style=\"color: #333399;\"><strong>PROFESJONALIZM<\/strong><\/span><\/p>\r\n<\/div>\r\n<div class=\"entry-content\">\r\n<ul>\r\n<li>Podczas pierwszego spotkania dokonujemy rzetelnej wyceny koszt\u00f3w. Na \u017cyczenie wykonujemy tak\u017ce dok\u0142adny kosztorys.<\/li>\r\n<li>Profesjonalny zesp\u00f3\u0142 fachowc\u00f3w, kt\u00f3ry zrealizowa\u0142 ju\u017c tysi\u0105ce projekt\u00f3w, gwarantuje wysok\u0105 jako\u015b\u0107 wykonania zgodn\u0105 z obowi\u0105zuj\u0105cymi normami budowlanymi.<\/li>\r\n<li>Doradzamy w wyborze odpowiednich materia\u0142\u00f3w oraz zapewniamy ich transport.\u00a0<\/li>\r\n<\/ul>\r\n<p><br \/><span style=\"color: #333399;\"><strong>TERMINOWO\u015a\u0106<\/strong><\/span><\/p>\r\n<div class=\"w-iconbox-text\">\r\n<p>Doskonale wiemy jak wa\u017cny jest czas. Dlatego przeprowadzamy nasze prace zgodnie z za\u0142o\u017conymi wcze\u015bniej terminami.\u00a0<\/p>\r\n<p style=\"text-align: center;\"><span style=\"color: #000000;\"><strong>Zadzwo\u0144 i um\u00f3w si\u0119 ju\u017c dzi\u015b na BEZP\u0141ATN\u0104 wycen\u0119!<\/strong><\/span><\/p>\r\n<\/div>\r\n<\/div>","protected":false},"excerpt":{"rendered":"<p>&#8211; to profesjonalna firma malarska, dzia\u0142aj\u0105ca od 10 lat na rynku. \u015awiadczymy us\u0142ugi na terenie Warszawy i okolic. Malowanie jest nasz\u0105 pasj\u0105! Nasze do\u015bwiadczenie to ponad 4 tys. zadowolonych klient\u00f3w, tysi\u0105ce pomalowanych mieszka\u0144 i biur. Pracujemy szybko i \u015bwiadczymy us\u0142ugi na najwy\u017cszym poziomie. Nasza ekipa &#8211; to pracownicy, kt\u00f3rym ufamy, kt\u00f3rzy s\u0105 wykwalifikowanymi fachowcami i &#8230; <a title=\"Black and White\" class=\"read-more\" href=\"https:\/\/bw-malowanie.pl\/\" aria-label=\"Wi\u0119cej na Black and White\">Dowiedz si\u0119 wi\u0119cej<\/a><\/p>\n","protected":false},"author":1,"featured_media":0,"parent":0,"menu_order":0,"comment_status":"closed","ping_status":"open","template":"","meta":{"_monsterinsights_skip_tracking":false,"_monsterinsights_sitenote_active":false,"_monsterinsights_sitenote_note":"","_monsterinsights_sitenote_category":0,"footnotes":""},"class_list":["post-2","page","type-page","status-publish"],"aioseo_notices":[],"_links":{"self":[{"href":"https:\/\/bw-malowanie.pl\/index.php?rest_route=\/wp\/v2\/pages\/2","targetHints":{"allow":["GET"]}}],"collection":[{"href":"https:\/\/bw-malowanie.pl\/index.php?rest_route=\/wp\/v2\/pages"}],"about":[{"href":"https:\/\/bw-malowanie.pl\/index.php?rest_route=\/wp\/v2\/types\/page"}],"author":[{"embeddable":true,"href":"https:\/\/bw-malowanie.pl\/index.php?rest_route=\/wp\/v2\/users\/1"}],"replies":[{"embeddable":true,"href":"https:\/\/bw-malowanie.pl\/index.php?rest_route=%2Fwp%2Fv2%2Fcomments&post=2"}],"version-history":[{"count":21,"href":"https:\/\/bw-malowanie.pl\/index.php?rest_route=\/wp\/v2\/pages\/2\/revisions"}],"predecessor-version":[{"id":40,"href":"https:\/\/bw-malowanie.pl\/index.php?rest_route=\/wp\/v2\/pages\/2\/revisions\/40"}],"wp:attachment":[{"href":"https:\/\/bw-malowanie.pl\/index.php?rest_route=%2Fwp%2Fv2%2Fmedia&parent=2"}],"curies":[{"name":"wp","href":"https:\/\/api.w.org\/{rel}","templated":true}]}}