{"id":13,"date":"2022-03-20T19:38:27","date_gmt":"2022-03-20T19:38:27","guid":{"rendered":"https:\/\/bw-malowanie.pl\/?page_id=13"},"modified":"2023-03-13T23:33:59","modified_gmt":"2023-03-13T23:33:59","slug":"kontakt","status":"publish","type":"page","link":"https:\/\/bw-malowanie.pl\/?page_id=13","title":{"rendered":"Kontakt"},"content":{"rendered":"<h2 class=\"cli-title-1 cli-bold\" style=\"text-align: center;\" data-design=\"7c3bbd75-18f3-44bc-85d1-4bba7d128780\" data-element=\"7c3bbd75-18f3-44bc-85d1-4bba7d128780\/1f9bd6c9-6876-42e7-981c-a2fc8f75fcaa\"><span class=\"\">Skontaktuj si\u0119 z nami ju\u017c dzi\u015b!<\/span><\/h2>\n<div style=\"text-align: center;\" data-design=\"5426d3d8-7e82-462c-97f0-cf6f010a2aba\" data-element=\"5426d3d8-7e82-462c-97f0-cf6f010a2aba\/46a1d88f-4f3e-46ed-a13d-17cfe378c266\"><\/div>\n<div data-design=\"5426d3d8-7e82-462c-97f0-cf6f010a2aba\" data-element=\"5426d3d8-7e82-462c-97f0-cf6f010a2aba\/46a1d88f-4f3e-46ed-a13d-17cfe378c266\"><\/div>\n<div class=\"cli-body-1 cli-regular\" style=\"text-align: center;\" data-design=\"5426d3d8-7e82-462c-97f0-cf6f010a2aba\" data-element=\"5426d3d8-7e82-462c-97f0-cf6f010a2aba\/46a1d88f-4f3e-46ed-a13d-17cfe378c266\"><strong><span class=\"\">tel: (+48) 794-309-158<\/span> <\/strong><\/div>\n<div data-design=\"5426d3d8-7e82-462c-97f0-cf6f010a2aba\" data-element=\"5426d3d8-7e82-462c-97f0-cf6f010a2aba\/46a1d88f-4f3e-46ed-a13d-17cfe378c266\"><\/div>\n<div class=\"cli-body-1 cli-regular\" style=\"text-align: center;\" data-design=\"5426d3d8-7e82-462c-97f0-cf6f010a2aba\" data-element=\"5426d3d8-7e82-462c-97f0-cf6f010a2aba\/46a1d88f-4f3e-46ed-a13d-17cfe378c266\">od 08:00 do 19:00 (pon-sob)<\/div>\n<div class=\"cli-body-1 cli-regular\" style=\"text-align: center;\" data-design=\"5426d3d8-7e82-462c-97f0-cf6f010a2aba\" data-element=\"5426d3d8-7e82-462c-97f0-cf6f010a2aba\/46a1d88f-4f3e-46ed-a13d-17cfe378c266\"><\/div>\n<div style=\"text-align: center;\" data-design=\"5426d3d8-7e82-462c-97f0-cf6f010a2aba\" data-element=\"5426d3d8-7e82-462c-97f0-cf6f010a2aba\/46a1d88f-4f3e-46ed-a13d-17cfe378c266\"><\/div>\n<div class=\"cli-body-1 cli-regular\" style=\"text-align: center;\" data-design=\"5426d3d8-7e82-462c-97f0-cf6f010a2aba\" data-element=\"5426d3d8-7e82-462c-97f0-cf6f010a2aba\/46a1d88f-4f3e-46ed-a13d-17cfe378c266\"><span class=\"\">E-mail: <strong>bw.warszawa<\/strong><\/span><strong><span class=\"\">@gmail.com<\/p>\n<p>Nasz adres: ul. Krzyz\u00f3wki 9c, Warszawa 03-193<\/span><\/strong><\/div>\n<div style=\"text-align: center;\" data-design=\"5426d3d8-7e82-462c-97f0-cf6f010a2aba\" data-element=\"5426d3d8-7e82-462c-97f0-cf6f010a2aba\/46a1d88f-4f3e-46ed-a13d-17cfe378c266\">\n<p>&nbsp;<\/p>\n<\/div>\n<p><img loading=\"lazy\" decoding=\"async\" class=\"wp-image-80 aligncenter\" src=\"https:\/\/bw-malowanie.pl\/wp-content\/uploads\/2022\/03\/iletisim-e1589910360451.png\" alt=\"\" width=\"183\" height=\"222\" \/><\/p>\n","protected":false},"excerpt":{"rendered":"<p>Skontaktuj si\u0119 z nami ju\u017c dzi\u015b! tel: (+48) 794-309-158 od 08:00 do 19:00 (pon-sob) E-mail: bw.warszawa@gmail.com Nasz adres: ul. Krzyz\u00f3wki 9c, Warszawa 03-193 &nbsp;<\/p>\n","protected":false},"author":1,"featured_media":0,"parent":0,"menu_order":0,"comment_status":"closed","ping_status":"closed","template":"","meta":{"_monsterinsights_skip_tracking":false,"_monsterinsights_sitenote_active":false,"_monsterinsights_sitenote_note":"","_monsterinsights_sitenote_category":0,"footnotes":""},"class_list":["post-13","page","type-page","status-publish"],"aioseo_notices":[],"_links":{"self":[{"href":"https:\/\/bw-malowanie.pl\/index.php?rest_route=\/wp\/v2\/pages\/13","targetHints":{"allow":["GET"]}}],"collection":[{"href":"https:\/\/bw-malowanie.pl\/index.php?rest_route=\/wp\/v2\/pages"}],"about":[{"href":"https:\/\/bw-malowanie.pl\/index.php?rest_route=\/wp\/v2\/types\/page"}],"author":[{"embeddable":true,"href":"https:\/\/bw-malowanie.pl\/index.php?rest_route=\/wp\/v2\/users\/1"}],"replies":[{"embeddable":true,"href":"https:\/\/bw-malowanie.pl\/index.php?rest_route=%2Fwp%2Fv2%2Fcomments&post=13"}],"version-history":[{"count":12,"href":"https:\/\/bw-malowanie.pl\/index.php?rest_route=\/wp\/v2\/pages\/13\/revisions"}],"predecessor-version":[{"id":199,"href":"https:\/\/bw-malowanie.pl\/index.php?rest_route=\/wp\/v2\/pages\/13\/revisions\/199"}],"wp:attachment":[{"href":"https:\/\/bw-malowanie.pl\/index.php?rest_route=%2Fwp%2Fv2%2Fmedia&parent=13"}],"curies":[{"name":"wp","href":"https:\/\/api.w.org\/{rel}","templated":true}]}}